{"id":80,"date":"2020-01-05T06:34:54","date_gmt":"2020-01-05T06:34:54","guid":{"rendered":"https:\/\/jupiterx.artbees.net\/boxing-gym\/?page_id=80"},"modified":"2024-10-08T20:07:33","modified_gmt":"2024-10-08T18:07:33","slug":"about","status":"publish","type":"page","link":"https:\/\/virginiablancofitness.com\/?page_id=80","title":{"rendered":"Sobre mi"},"content":{"rendered":"\t\t<div data-elementor-type=\"wp-page\" data-elementor-id=\"80\" class=\"elementor elementor-80\" data-elementor-settings=\"[]\">\n\t\t\t\t\t\t\t<div class=\"elementor-section-wrap\">\n\t\t\t\t\t\t\t<section class=\"elementor-section elementor-top-section elementor-element elementor-element-4366840 elementor-section-height-min-height elementor-hidden-mobile elementor-section-boxed elementor-section-height-default elementor-section-items-middle\" data-id=\"4366840\" data-element_type=\"section\">\n\t\t\t\t\t\t\t<div class=\"elementor-background-overlay\"><\/div>\n\t\t\t\t\t\t\t<div class=\"elementor-container elementor-column-gap-default\">\n\t\t\t\t\t<div class=\"elementor-column elementor-col-100 elementor-top-column elementor-element elementor-element-32c579a\" data-id=\"32c579a\" data-element_type=\"column\">\n\t\t\t<div class=\"elementor-widget-wrap elementor-element-populated\">\n\t\t\t\t\t\t\t\t<div class=\"elementor-element elementor-element-b7fddb5 elementor-align-center elementor-widget elementor-widget-raven-heading\" data-id=\"b7fddb5\" data-element_type=\"widget\" data-widget_type=\"raven-heading.default\">\n\t\t\t\t<div class=\"elementor-widget-container\">\n\t\t\t\t\t<div class=\"raven-widget-wrapper\"><h1 class=\"raven-heading raven-heading-h1\"><span class=\"raven-heading-title\">mi experiencia&nbsp;<\/span><\/h1><\/div>\n\t\t\t\t<\/div>\n\t\t\t\t<\/div>\n\t\t\t\t\t<\/div>\n\t\t<\/div>\n\t\t\t\t\t\t\t<\/div>\n\t\t<\/section>\n\t\t\t\t<section class=\"elementor-section elementor-top-section elementor-element elementor-element-b3ecfd8 elementor-hidden-desktop elementor-hidden-tablet elementor-section-boxed elementor-section-height-default elementor-section-height-default\" data-id=\"b3ecfd8\" data-element_type=\"section\">\n\t\t\t\t\t\t\t<div class=\"elementor-background-overlay\"><\/div>\n\t\t\t\t\t\t\t<div class=\"elementor-container elementor-column-gap-default\">\n\t\t\t\t\t<div class=\"elementor-column elementor-col-100 elementor-top-column elementor-element elementor-element-7f8c1d7\" data-id=\"7f8c1d7\" data-element_type=\"column\">\n\t\t\t<div class=\"elementor-widget-wrap\">\n\t\t\t\t\t\t\t\t\t<\/div>\n\t\t<\/div>\n\t\t\t\t\t\t\t<\/div>\n\t\t<\/section>\n\t\t\t\t<section class=\"elementor-section elementor-top-section elementor-element elementor-element-ef9cd68 elementor-hidden-desktop elementor-hidden-tablet elementor-section-boxed elementor-section-height-default elementor-section-height-default\" data-id=\"ef9cd68\" data-element_type=\"section\">\n\t\t\t\t\t\t<div class=\"elementor-container elementor-column-gap-default\">\n\t\t\t\t\t<div class=\"elementor-column elementor-col-100 elementor-top-column elementor-element elementor-element-0c776d7\" data-id=\"0c776d7\" data-element_type=\"column\">\n\t\t\t<div class=\"elementor-widget-wrap elementor-element-populated\">\n\t\t\t\t\t\t\t\t<div class=\"elementor-element elementor-element-c469d90 elementor-align-center elementor-widget elementor-widget-raven-heading\" data-id=\"c469d90\" data-element_type=\"widget\" data-widget_type=\"raven-heading.default\">\n\t\t\t\t<div class=\"elementor-widget-container\">\n\t\t\t\t\t<div class=\"raven-widget-wrapper\"><h3 class=\"raven-heading raven-heading-h3\"><span class=\"raven-heading-title\">MI <b>EXPERIENCIA<\/b><\/span><\/h3><\/div>\n\t\t\t\t<\/div>\n\t\t\t\t<\/div>\n\t\t\t\t\t<\/div>\n\t\t<\/div>\n\t\t\t\t\t\t\t<\/div>\n\t\t<\/section>\n\t\t\t\t<section class=\"elementor-section elementor-top-section elementor-element elementor-element-94cd74c elementor-section-height-min-height elementor-section-items-stretch elementor-section-boxed elementor-section-height-default\" data-id=\"94cd74c\" data-element_type=\"section\">\n\t\t\t\t\t\t<div class=\"elementor-container elementor-column-gap-default\">\n\t\t\t\t\t<div class=\"elementor-column elementor-col-50 elementor-top-column elementor-element elementor-element-82035f3\" data-id=\"82035f3\" data-element_type=\"column\" data-settings=\"{&quot;background_background&quot;:&quot;classic&quot;}\">\n\t\t\t<div class=\"elementor-widget-wrap elementor-element-populated\">\n\t\t\t\t\t\t\t\t<div class=\"elementor-element elementor-element-523ba88 elementor-mobile-align-center elementor-align-left elementor-widget elementor-widget-raven-heading\" data-id=\"523ba88\" data-element_type=\"widget\" data-widget_type=\"raven-heading.default\">\n\t\t\t\t<div class=\"elementor-widget-container\">\n\t\t\t\t\t<div class=\"raven-widget-wrapper\"><h2 class=\"raven-heading raven-heading-h2\"><span class=\"raven-heading-title\">ON FIRE <br><b>DESDE EL<br>2004<\/b><\/span><\/h2><\/div>\n\t\t\t\t<\/div>\n\t\t\t\t<\/div>\n\t\t\t\t<div class=\"elementor-element elementor-element-499c6b1 elementor-widget elementor-widget-text-editor\" data-id=\"499c6b1\" data-element_type=\"widget\" data-widget_type=\"text-editor.default\">\n\t\t\t\t<div class=\"elementor-widget-container\">\n\t\t\t\t\t\t\t<p>\u00bfSabes de esas personas que tienen clara su vocaci\u00f3n desde ni\u00f1o?<br \/><span style=\"color: var( --e-global-color-text );\">Una de ellas<strong> soy yo<\/strong>.<\/span><\/p><p><span style=\"color: var( --e-global-color-text );\">\u2028Durante todos estos a\u00f1os mi vida ha estado rodeada de deporte y asesoramiento a todos los niveles. Con m\u00e1s de veinte cursos y titulaciones,<\/span><strong style=\"color: var( --e-global-color-text );\">\u00a0 y miles de clientes<\/strong><span style=\"color: var( --e-global-color-text );\"> a mis espaldas simplemente ardo en deseos de seguir compartiendo con ellos y<\/span><strong style=\"color: var( --e-global-color-text );\"> no parar<\/strong><span style=\"color: var( --e-global-color-text );\">.\u00a0<\/span><\/p><p>S\u00ed. Amo y ense\u00f1o el Fitness. Desde el HIIT, pasando por el Pilates, el entrenamiento de fuerza e hipertrofia hasta LPF con sus m\u00e1gicos y espec\u00edficos ejercicios hipopresivos. En todos me he formado para ti.<\/p><p>\u00bfQuedamos para entrenar?\u00a0<\/p><p>\u00a0<\/p>\t\t\t\t\t\t<\/div>\n\t\t\t\t<\/div>\n\t\t\t\t\t<\/div>\n\t\t<\/div>\n\t\t\t\t<div class=\"elementor-column elementor-col-50 elementor-top-column elementor-element elementor-element-94ce9d3 animated-fast elementor-invisible\" data-id=\"94ce9d3\" data-element_type=\"column\" data-settings=\"{&quot;background_background&quot;:&quot;classic&quot;,&quot;animation&quot;:&quot;fadeInRight&quot;}\">\n\t\t\t<div class=\"elementor-widget-wrap elementor-element-populated\">\n\t\t\t\t\t<div class=\"elementor-background-overlay\"><\/div>\n\t\t\t\t\t\t\t\t<div class=\"elementor-element elementor-element-cb38d59 animated-slow elementor-invisible elementor-widget elementor-widget-raven-image\" data-id=\"cb38d59\" data-element_type=\"widget\" data-settings=\"{&quot;_animation&quot;:&quot;fadeIn&quot;,&quot;_animation_delay&quot;:500}\" data-widget_type=\"raven-image.default\">\n\t\t\t\t<div class=\"elementor-widget-container\">\n\t\t\t\t\t<div class=\"raven-image\" data-parallax=\"{&quot;y&quot;:-25,&quot;z&quot;:15,&quot;smoothness&quot;:30}\">\n\t\t\n\t\t\n\t\t<img src=\"https:\/\/virginiablancofitness.com\/wp-content\/uploads\/elementor\/thumbs\/Sesion-de-entreno-peqoe14ex50fc3hwj2281wz7q9d5qt9vh560s0amf4.jpg\" title=\"Sesi\u00f3n de entreno\" alt=\"Sesi\u00f3n de entreno\" \/>\t\t<\/div>\n\t\t\t\t<\/div>\n\t\t\t\t<\/div>\n\t\t\t\t\t<\/div>\n\t\t<\/div>\n\t\t\t\t\t\t\t<\/div>\n\t\t<\/section>\n\t\t\t\t<section class=\"elementor-section elementor-top-section elementor-element elementor-element-02560ab elementor-section-height-min-height elementor-section-items-stretch elementor-section-boxed elementor-section-height-default\" data-id=\"02560ab\" data-element_type=\"section\">\n\t\t\t\t\t\t<div class=\"elementor-container elementor-column-gap-default\">\n\t\t\t\t\t<div class=\"elementor-column elementor-col-50 elementor-top-column elementor-element elementor-element-a6fbecf animated-fast elementor-invisible\" data-id=\"a6fbecf\" data-element_type=\"column\" data-settings=\"{&quot;background_background&quot;:&quot;classic&quot;,&quot;animation&quot;:&quot;fadeInLeft&quot;}\">\n\t\t\t<div class=\"elementor-widget-wrap elementor-element-populated\">\n\t\t\t\t\t<div class=\"elementor-background-overlay\"><\/div>\n\t\t\t\t\t\t\t\t<div class=\"elementor-element elementor-element-41d67c8 animated-slow elementor-invisible elementor-widget elementor-widget-raven-image\" data-id=\"41d67c8\" data-element_type=\"widget\" data-settings=\"{&quot;_animation&quot;:&quot;fadeIn&quot;,&quot;_animation_delay&quot;:500}\" data-widget_type=\"raven-image.default\">\n\t\t\t\t<div class=\"elementor-widget-container\">\n\t\t\t\t\t<div class=\"raven-image\" data-parallax=\"{&quot;y&quot;:-25,&quot;z&quot;:15,&quot;smoothness&quot;:30}\">\n\t\t\n\t\t\n\t\t<img width=\"719\" height=\"1080\" src=\"https:\/\/virginiablancofitness.com\/wp-content\/uploads\/2023\/05\/Bronceeuropabikinifitness.jpg\" class=\"attachment-full size-full\" alt=\"\" loading=\"lazy\" srcset=\"https:\/\/virginiablancofitness.com\/wp-content\/uploads\/2023\/05\/Bronceeuropabikinifitness.jpg 719w, https:\/\/virginiablancofitness.com\/wp-content\/uploads\/2023\/05\/Bronceeuropabikinifitness-200x300.jpg 200w, https:\/\/virginiablancofitness.com\/wp-content\/uploads\/2023\/05\/Bronceeuropabikinifitness-682x1024.jpg 682w\" sizes=\"(max-width: 719px) 100vw, 719px\" \/>\t\t<\/div>\n\t\t\t\t<\/div>\n\t\t\t\t<\/div>\n\t\t\t\t\t<\/div>\n\t\t<\/div>\n\t\t\t\t<div class=\"elementor-column elementor-col-50 elementor-top-column elementor-element elementor-element-ee8c532\" data-id=\"ee8c532\" data-element_type=\"column\">\n\t\t\t<div class=\"elementor-widget-wrap elementor-element-populated\">\n\t\t\t\t\t\t\t\t<div class=\"elementor-element elementor-element-36fd7d0 elementor-mobile-align-center elementor-align-left elementor-widget elementor-widget-raven-heading\" data-id=\"36fd7d0\" data-element_type=\"widget\" data-widget_type=\"raven-heading.default\">\n\t\t\t\t<div class=\"elementor-widget-container\">\n\t\t\t\t\t<div class=\"raven-widget-wrapper\"><h2 class=\"raven-heading raven-heading-h2\"><span class=\"raven-heading-title\"><div><span style=\"letter-spacing: -2.299999952316284px; text-transform: uppercase;\">experiencia<\/span><\/div><div><span style=\"letter-spacing: -2.299999952316284px; text-transform: uppercase;\"><b>real en  competici\u00f3n<\/b><\/span><span style=\"letter-spacing: -2.3px;\"><\/span><\/div><\/span><\/h2><\/div>\n\t\t\t\t<\/div>\n\t\t\t\t<\/div>\n\t\t\t\t<div class=\"elementor-element elementor-element-41e55cb elementor-widget elementor-widget-text-editor\" data-id=\"41e55cb\" data-element_type=\"widget\" data-widget_type=\"text-editor.default\">\n\t\t\t\t<div class=\"elementor-widget-container\">\n\t\t\t\t\t\t\t<p><span style=\"color: var( --e-global-color-text ); font-family: var( --e-global-typography-text-font-family ), Sans-serif;\">Si quieres conocer algo en profundidad lo tienes que haber vivido.<\/span><\/p><p>Soy <strong>consciente de la responsabilidad<\/strong> que supone<span style=\"color: var( --e-global-color-text ); font-family: var( --e-global-typography-text-font-family ), Sans-serif;\">\u00a0ayudarte con tus objetivos, y si hay algo que me ha aportado el conocimiento sobre motivaci\u00f3n y consecuci\u00f3n de metas es la competici\u00f3n.<\/span><\/p><p><strong>He participado en m\u00e1s de treinta y seis campeonatos<\/strong>\u00a0<strong>desde regionales hasta mundiales. <\/strong>Algunos de mis logros m\u00e1s top:\u00a0<\/p><ul><li><span style=\"color: var( --e-global-color-text ); font-family: var( --e-global-typography-text-font-family ), Sans-serif;\"><b>Medalla de oro<\/b> de Castilla y L\u00e9on (2014)<\/span><\/li><li><span style=\"color: var( --e-global-color-text ); font-family: var( --e-global-typography-text-font-family ), Sans-serif;\">Medalla de bronce en el campeonato de Espa\u00f1a (2017)<\/span><\/li><li><span style=\"color: var( --e-global-color-text ); font-family: var( --e-global-typography-text-font-family ), Sans-serif;\">Quinto y sexto puesto en el mundial (2020).<\/span><\/li><li><span style=\"color: var( --e-global-color-text ); font-family: var( --e-global-typography-text-font-family ), Sans-serif;\">Integrante de la selecci\u00f3n espa\u00f1ola en el europeo de Santa Susanna (2021).<\/span><\/li><li><span style=\"color: var( --e-global-color-text ); font-family: var( --e-global-typography-text-font-family ), Sans-serif;\">S\u00e9ptima plaza en el campeonato de Europa (2022).<\/span><\/li><li><span style=\"color: var( --e-global-color-text ); font-family: var( --e-global-typography-text-font-family ), Sans-serif;\"><b>Medalla de oro <\/b>en Bikini Fitness M\u00e1ster en el campeonato internacional IFBB Mediterranean Championships celebrado en Malta (2022).<\/span><\/li><li><span style=\"color: var( --e-global-color-text ); font-family: var( --e-global-typography-text-font-family ), Sans-serif;\">Medalla de plata en el overall Bikini Fitness M\u00e1ster del internacional IFBB Mediterranean Championships celebrado en Malta (2022).<\/span><\/li><li><span style=\"color: var( --e-global-color-text ); font-family: var( --e-global-typography-text-font-family ), Sans-serif;\"><b>Medalla de oro<\/b> en Bikini Fitness M\u00e1ster en el campeonato internacional Diamond Cup Lusofonia celebrado en P\u00f3voa de Lanhoso (2022).<\/span><\/li><li><span style=\"color: var( --e-global-color-text ); font-family: var( --e-global-typography-text-font-family ), Sans-serif;\"><b>Medalla de oro <\/b>en el overall Bikini Fitness M\u00e1ster en el campeonato internacional Diamond Cup Lusofonia celebrado en P\u00f3voa de Lanhoso (2022).<\/span><\/li><li><span style=\"color: var( --e-global-color-text ); font-family: var( --e-global-typography-text-font-family ), Sans-serif;\"><b>Medalla de bronce <\/b>en el campeonato de Europa celebrado en Santa Susanna (2023).<\/span><\/li><\/ul>\t\t\t\t\t\t<\/div>\n\t\t\t\t<\/div>\n\t\t\t\t<div class=\"elementor-element elementor-element-6c9fe8c elementor-mobile-align-center elementor-align-left elementor-widget elementor-widget-raven-button\" data-id=\"6c9fe8c\" data-element_type=\"widget\" data-widget_type=\"raven-button.default\">\n\t\t\t\t<div class=\"elementor-widget-container\">\n\t\t\t\t\t<div class=\"raven-widget-wrapper\">\n\t\t\t<a class=\"raven-button raven-button-link elementor-animation-pop\" href=\"https:\/\/virginiablancofitness.com\/wp-content\/uploads\/2024\/10\/Virginia-Blanco-curriculum-competicion2024_compressed.pdf\" target=\"_blank\" rel=\"nofollow\">\n\t\t\t\t<span class=\"raven-button-content\">\n\t\t\t\t\t\t\t\t\t\t<span class=\"raven-button-text\">\n\t\t\t\t\t\tMi experiencia en competici\u00f3n\t\t\t\t\t\t\t\t\t\t\t<\/span>\n\t\t\t\t<\/span>\n\t\t\t<\/a>\n\t\t<\/div>\n\t\t\t\t<\/div>\n\t\t\t\t<\/div>\n\t\t\t\t\t<\/div>\n\t\t<\/div>\n\t\t\t\t\t\t\t<\/div>\n\t\t<\/section>\n\t\t\t\t<section class=\"elementor-section elementor-top-section elementor-element elementor-element-42f5424 elementor-section-height-min-height elementor-section-items-stretch elementor-section-boxed elementor-section-height-default\" data-id=\"42f5424\" data-element_type=\"section\">\n\t\t\t\t\t\t<div class=\"elementor-container elementor-column-gap-default\">\n\t\t\t\t\t<div class=\"elementor-column elementor-col-50 elementor-top-column elementor-element elementor-element-ad04bfc\" data-id=\"ad04bfc\" data-element_type=\"column\">\n\t\t\t<div class=\"elementor-widget-wrap elementor-element-populated\">\n\t\t\t\t\t\t\t\t<div class=\"elementor-element elementor-element-e10d103 elementor-mobile-align-center elementor-align-left elementor-widget elementor-widget-raven-heading\" data-id=\"e10d103\" data-element_type=\"widget\" data-widget_type=\"raven-heading.default\">\n\t\t\t\t<div class=\"elementor-widget-container\">\n\t\t\t\t\t<div class=\"raven-widget-wrapper\"><h2 class=\"raven-heading raven-heading-h2\"><span class=\"raven-heading-title\"><span style=\"letter-spacing: -2.299999952316284px; text-transform: uppercase;\"><span style=\"font-weight: 200;\">sentido <\/span><\/span><span style=\"font-weight: 200; letter-spacing: -2.299999952316284px; text-transform: uppercase; font-family: var( --e-global-typography-primary-font-family ), Sans-serif;\">del movimiento <\/span><div><span style=\"letter-spacing: -2.299999952316284px; text-transform: uppercase;\"><b>interior<\/b><\/span><\/div><\/span><\/h2><\/div>\n\t\t\t\t<\/div>\n\t\t\t\t<\/div>\n\t\t\t\t<div class=\"elementor-element elementor-element-135cc87 elementor-widget elementor-widget-text-editor\" data-id=\"135cc87\" data-element_type=\"widget\" data-widget_type=\"text-editor.default\">\n\t\t\t\t<div class=\"elementor-widget-container\">\n\t\t\t\t\t\t\t<p>En mis sesiones podr\u00e1s sentir que <b>no todo es f\u00edsico.<\/b><\/p>\n<p>Soy consciente de que hay algo m\u00e1s all\u00e1 que nos mueve a cada uno. Esa motivaci\u00f3n u objetivo que se alinea con algo que vive en nuestro interior, y que crece y progresa con nosotros sin parar.<\/p>\n<p>Es esa voz interior que <b>nos acepta sin condiciones <\/b>y que nos anima a seguir cuando las piernas piden un peque\u00f1o descanso.<\/p>\n<p>S\u00ed.<b>&nbsp;tambi\u00e9n trabajaremos esa parte <\/b>pues es tu otra mitad.<\/p>\t\t\t\t\t\t<\/div>\n\t\t\t\t<\/div>\n\t\t\t\t\t<\/div>\n\t\t<\/div>\n\t\t\t\t<div class=\"elementor-column elementor-col-50 elementor-top-column elementor-element elementor-element-6073ad1 animated-fast elementor-invisible\" data-id=\"6073ad1\" data-element_type=\"column\" data-settings=\"{&quot;background_background&quot;:&quot;classic&quot;,&quot;animation&quot;:&quot;fadeInUp&quot;}\">\n\t\t\t<div class=\"elementor-widget-wrap elementor-element-populated\">\n\t\t\t\t\t\t\t\t<div class=\"elementor-element elementor-element-17551dd animated-slow elementor-invisible elementor-widget elementor-widget-raven-image\" data-id=\"17551dd\" data-element_type=\"widget\" data-settings=\"{&quot;_animation&quot;:&quot;fadeIn&quot;,&quot;_animation_delay&quot;:500}\" data-widget_type=\"raven-image.default\">\n\t\t\t\t<div class=\"elementor-widget-container\">\n\t\t\t\t\t<div class=\"raven-image\">\n\t\t\n\t\t\n\t\t<img width=\"1920\" height=\"1280\" src=\"https:\/\/virginiablancofitness.com\/wp-content\/uploads\/2021\/10\/Bienestar-Valladolid.jpg\" class=\"attachment-full size-full\" alt=\"\" loading=\"lazy\" srcset=\"https:\/\/virginiablancofitness.com\/wp-content\/uploads\/2021\/10\/Bienestar-Valladolid.jpg 1920w, https:\/\/virginiablancofitness.com\/wp-content\/uploads\/2021\/10\/Bienestar-Valladolid-300x200.jpg 300w, https:\/\/virginiablancofitness.com\/wp-content\/uploads\/2021\/10\/Bienestar-Valladolid-1024x683.jpg 1024w, https:\/\/virginiablancofitness.com\/wp-content\/uploads\/2021\/10\/Bienestar-Valladolid-768x512.jpg 768w, https:\/\/virginiablancofitness.com\/wp-content\/uploads\/2021\/10\/Bienestar-Valladolid-1536x1024.jpg 1536w\" sizes=\"(max-width: 1920px) 100vw, 1920px\" \/>\t\t<\/div>\n\t\t\t\t<\/div>\n\t\t\t\t<\/div>\n\t\t\t\t\t<\/div>\n\t\t<\/div>\n\t\t\t\t\t\t\t<\/div>\n\t\t<\/section>\n\t\t\t\t<section class=\"elementor-section elementor-top-section elementor-element elementor-element-bf37cba elementor-section-boxed elementor-section-height-default elementor-section-height-default\" data-id=\"bf37cba\" data-element_type=\"section\" data-settings=\"{&quot;background_background&quot;:&quot;classic&quot;,&quot;shape_divider_top&quot;:&quot;tilt&quot;,&quot;shape_divider_bottom&quot;:&quot;tilt&quot;}\">\n\t\t\t\t\t<div class=\"elementor-shape elementor-shape-top\" data-negative=\"false\">\n\t\t\t<svg xmlns=\"http:\/\/www.w3.org\/2000\/svg\" viewBox=\"0 0 1000 100\" preserveAspectRatio=\"none\">\n\t<path class=\"elementor-shape-fill\" d=\"M0,6V0h1000v100L0,6z\"\/>\n<\/svg>\t\t<\/div>\n\t\t\t\t<div class=\"elementor-shape elementor-shape-bottom\" data-negative=\"false\">\n\t\t\t<svg xmlns=\"http:\/\/www.w3.org\/2000\/svg\" viewBox=\"0 0 1000 100\" preserveAspectRatio=\"none\">\n\t<path class=\"elementor-shape-fill\" d=\"M0,6V0h1000v100L0,6z\"\/>\n<\/svg>\t\t<\/div>\n\t\t\t\t\t<div class=\"elementor-container elementor-column-gap-default\">\n\t\t\t\t\t<div class=\"elementor-column elementor-col-100 elementor-top-column elementor-element elementor-element-214e8dc\" data-id=\"214e8dc\" data-element_type=\"column\">\n\t\t\t<div class=\"elementor-widget-wrap elementor-element-populated\">\n\t\t\t\t\t\t\t\t<div class=\"elementor-element elementor-element-369e01c elementor-mobile-align-center elementor-align-center elementor-widget elementor-widget-raven-heading\" data-id=\"369e01c\" data-element_type=\"widget\" data-settings=\"{&quot;_animation&quot;:&quot;none&quot;}\" data-widget_type=\"raven-heading.default\">\n\t\t\t\t<div class=\"elementor-widget-container\">\n\t\t\t\t\t<div class=\"raven-widget-wrapper\"><h2 class=\"raven-heading raven-heading-h2\"><span class=\"raven-heading-title\"><div>el proP\u00f3sito de progresar <b>ya es victoria<\/b><\/div><b>entrenaremos <\/b>para<b>  <\/b>ganar todas las batallas<br><\/span><\/h2><\/div>\n\t\t\t\t<\/div>\n\t\t\t\t<\/div>\n\t\t\t\t\t<\/div>\n\t\t<\/div>\n\t\t\t\t\t\t\t<\/div>\n\t\t<\/section>\n\t\t\t\t<section class=\"elementor-section elementor-top-section elementor-element elementor-element-da6cc4f elementor-hidden-mobile elementor-section-boxed elementor-section-height-default elementor-section-height-default\" data-id=\"da6cc4f\" data-element_type=\"section\">\n\t\t\t\t\t\t<div class=\"elementor-container elementor-column-gap-default\">\n\t\t\t\t\t<div class=\"elementor-column elementor-col-33 elementor-top-column elementor-element elementor-element-b8e51c2\" data-id=\"b8e51c2\" data-element_type=\"column\">\n\t\t\t<div class=\"elementor-widget-wrap\">\n\t\t\t\t\t\t\t\t\t<\/div>\n\t\t<\/div>\n\t\t\t\t<div class=\"elementor-column elementor-col-33 elementor-top-column elementor-element elementor-element-0aa0de3\" data-id=\"0aa0de3\" data-element_type=\"column\">\n\t\t\t<div class=\"elementor-widget-wrap elementor-element-populated\">\n\t\t\t\t\t\t\t\t<div class=\"elementor-element elementor-element-f0030d7 elementor-mobile-align-center elementor-align-center elementor-widget elementor-widget-raven-button\" data-id=\"f0030d7\" data-element_type=\"widget\" data-widget_type=\"raven-button.default\">\n\t\t\t\t<div class=\"elementor-widget-container\">\n\t\t\t\t\t<div class=\"raven-widget-wrapper\">\n\t\t\t<a class=\"raven-button raven-button-link elementor-animation-pop\" href=\"https:\/\/virginiablancofitness.com\/#entreno\">\n\t\t\t\t<span class=\"raven-button-content\">\n\t\t\t\t\t\t\t\t\t\t<span class=\"raven-button-text\">\n\t\t\t\t\t\tEntrena conmigo\t\t\t\t\t\t\t\t\t\t\t<\/span>\n\t\t\t\t<\/span>\n\t\t\t<\/a>\n\t\t<\/div>\n\t\t\t\t<\/div>\n\t\t\t\t<\/div>\n\t\t\t\t\t<\/div>\n\t\t<\/div>\n\t\t\t\t<div class=\"elementor-column elementor-col-33 elementor-top-column elementor-element elementor-element-2514219\" data-id=\"2514219\" data-element_type=\"column\">\n\t\t\t<div class=\"elementor-widget-wrap\">\n\t\t\t\t\t\t\t\t\t<\/div>\n\t\t<\/div>\n\t\t\t\t\t\t\t<\/div>\n\t\t<\/section>\n\t\t\t\t<section class=\"elementor-section elementor-top-section elementor-element elementor-element-cde30f8 elementor-hidden-desktop elementor-hidden-tablet elementor-section-boxed elementor-section-height-default elementor-section-height-default\" data-id=\"cde30f8\" data-element_type=\"section\">\n\t\t\t\t\t\t<div class=\"elementor-container elementor-column-gap-default\">\n\t\t\t\t\t<div class=\"elementor-column elementor-col-33 elementor-top-column elementor-element elementor-element-d9d0d2f\" data-id=\"d9d0d2f\" data-element_type=\"column\">\n\t\t\t<div class=\"elementor-widget-wrap\">\n\t\t\t\t\t\t\t\t\t<\/div>\n\t\t<\/div>\n\t\t\t\t<div class=\"elementor-column elementor-col-33 elementor-top-column elementor-element elementor-element-eafc75f\" data-id=\"eafc75f\" data-element_type=\"column\">\n\t\t\t<div class=\"elementor-widget-wrap elementor-element-populated\">\n\t\t\t\t\t\t\t\t<div class=\"elementor-element elementor-element-ef3e9fb elementor-mobile-align-center elementor-align-center elementor-widget elementor-widget-raven-button\" data-id=\"ef3e9fb\" data-element_type=\"widget\" data-widget_type=\"raven-button.default\">\n\t\t\t\t<div class=\"elementor-widget-container\">\n\t\t\t\t\t<div class=\"raven-widget-wrapper\">\n\t\t\t<a class=\"raven-button raven-button-link elementor-animation-pop\" href=\"https:\/\/virginiablancofitness.com\/#entrenom\">\n\t\t\t\t<span class=\"raven-button-content\">\n\t\t\t\t\t\t\t\t\t\t<span class=\"raven-button-text\">\n\t\t\t\t\t\tEntrena conmigo\t\t\t\t\t\t\t\t\t\t\t<\/span>\n\t\t\t\t<\/span>\n\t\t\t<\/a>\n\t\t<\/div>\n\t\t\t\t<\/div>\n\t\t\t\t<\/div>\n\t\t\t\t\t<\/div>\n\t\t<\/div>\n\t\t\t\t<div class=\"elementor-column elementor-col-33 elementor-top-column elementor-element elementor-element-8cefdf1\" data-id=\"8cefdf1\" data-element_type=\"column\">\n\t\t\t<div class=\"elementor-widget-wrap\">\n\t\t\t\t\t\t\t\t\t<\/div>\n\t\t<\/div>\n\t\t\t\t\t\t\t<\/div>\n\t\t<\/section>\n\t\t\t\t\t\t<\/div>\n\t\t\t\t\t<\/div>\n\t\t","protected":false},"excerpt":{"rendered":"<p>mi experiencia&nbsp; MI EXPERIENCIA ON FIRE DESDE EL2004 \u00bfSabes de esas personas que tienen clara su vocaci\u00f3n desde ni\u00f1o?Una de ellas soy yo. \u2028Durante todos estos a\u00f1os mi vida ha estado rodeada de deporte y asesoramiento a todos los niveles. Con m\u00e1s de veinte cursos y titulaciones,\u00a0 y miles de clientes a mis espaldas simplemente [&hellip;]<\/p>\n","protected":false},"author":1,"featured_media":0,"parent":0,"menu_order":0,"comment_status":"closed","ping_status":"closed","template":"elementor_header_footer","meta":[],"acf":[],"_links":{"self":[{"href":"https:\/\/virginiablancofitness.com\/index.php?rest_route=\/wp\/v2\/pages\/80"}],"collection":[{"href":"https:\/\/virginiablancofitness.com\/index.php?rest_route=\/wp\/v2\/pages"}],"about":[{"href":"https:\/\/virginiablancofitness.com\/index.php?rest_route=\/wp\/v2\/types\/page"}],"author":[{"embeddable":true,"href":"https:\/\/virginiablancofitness.com\/index.php?rest_route=\/wp\/v2\/users\/1"}],"replies":[{"embeddable":true,"href":"https:\/\/virginiablancofitness.com\/index.php?rest_route=%2Fwp%2Fv2%2Fcomments&post=80"}],"version-history":[{"count":164,"href":"https:\/\/virginiablancofitness.com\/index.php?rest_route=\/wp\/v2\/pages\/80\/revisions"}],"predecessor-version":[{"id":2268,"href":"https:\/\/virginiablancofitness.com\/index.php?rest_route=\/wp\/v2\/pages\/80\/revisions\/2268"}],"wp:attachment":[{"href":"https:\/\/virginiablancofitness.com\/index.php?rest_route=%2Fwp%2Fv2%2Fmedia&parent=80"}],"curies":[{"name":"wp","href":"https:\/\/api.w.org\/{rel}","templated":true}]}}